{"id":19366,"date":"2020-03-02T16:47:32","date_gmt":"2020-03-02T15:47:32","guid":{"rendered":"https:\/\/pindefleurs.fr\/e-shop\/chateau-pindefleurs-2019\/"},"modified":"2025-08-15T17:27:22","modified_gmt":"2025-08-15T15:27:22","slug":"chateau-pindefleurs-2019","status":"publish","type":"product","link":"https:\/\/pindefleurs.fr\/en\/e-shop\/chateau-pindefleurs-2019\/","title":{"rendered":"Ch\u00e2teau Pindefleurs 2019"},"content":{"rendered":"<p>All our wines are made with the utmost demand. We have been winemakers for 5 generations, we work as a family, on a human scale. The main part of our vineyards are located around the castle or within a radius of less than 5 km. Our soils are mostly sands and gravel and we preserve them by working as naturally as possible: without herbicides and without synthetic fertilizers.<\/p>\n<p><strong>We harvest by hand and carefully select the best grapes. Day after day, plot after plot, our energy and philosophy allow you to offer you fine wines and great elegance.<\/strong><\/p>\n","protected":false},"excerpt":{"rendered":"<p><span style=\"color: #000000;\"><strong>&#8211; PDO :<\/strong><\/span> Saint-Emilion Grand Cru<br \/>\n<span style=\"color: #000000;\"><strong>&#8211; Production :<\/strong><\/span> 100 000 bottles<br \/>\n<span style=\"color: #000000;\"><strong>&#8211; <\/strong> <strong>Harvest:<\/strong><\/span> Manual<br \/>\n<span style=\"color: #000000;\"><strong>&#8211; <\/strong> <strong>Vinification:<\/strong><\/span> Vatting about 20 days before draining, no added sulfur<\/p>\n","protected":false},"featured_media":18300,"template":"","meta":[],"product_brand":[],"product_cat":[132],"product_tag":[],"class_list":{"0":"post-19366","1":"product","2":"type-product","3":"status-publish","4":"has-post-thumbnail","6":"product_cat-bottles","7":"product_shipping_class-cartons-de-6-blls","9":"first","10":"instock","11":"taxable","12":"shipping-taxable","13":"purchasable","14":"product-type-simple"},"group_of_quantity":6,"min_quantity":6,"max_quantity":"","exclude_order_quantity_value_rules":"no","exclude_category_quantity_rules":"no","combine_variations":"no","exclude_global_add_ons":[],"addons":[],"yoast_head":"<!-- This site is optimized with the Yoast SEO Premium plugin v26.4 (Yoast SEO v27.3) - https:\/\/yoast.com\/product\/yoast-seo-premium-wordpress\/ -->\n<title>Ch\u00e2teau Pindefleurs 2019 &#8211; Bottles &#8211; Saint-\u00c9milion Grand Cru<\/title>\n<meta name=\"description\" content=\"Discover our Ch\u00e2teau Pindefleurs 2019 &#8211; &euro;25.00. Delivery is free in France for any order over \u20ac 300. We ship in Europe !\" \/>\n<meta name=\"robots\" content=\"index, follow, max-snippet:-1, max-image-preview:large, max-video-preview:-1\" \/>\n<link rel=\"canonical\" href=\"https:\/\/pindefleurs.fr\/en\/e-shop\/chateau-pindefleurs-2019\/\" \/>\n<meta property=\"og:locale\" content=\"en_US\" \/>\n<meta property=\"og:type\" content=\"article\" \/>\n<meta property=\"og:title\" content=\"Ch\u00e2teau Pindefleurs 2019\" \/>\n<meta property=\"og:description\" content=\"Discover our Ch\u00e2teau Pindefleurs 2019 &#8211; &euro;25.00. Delivery is free in France for any order over \u20ac 300. We ship in Europe !\" \/>\n<meta property=\"og:url\" content=\"https:\/\/pindefleurs.fr\/en\/e-shop\/chateau-pindefleurs-2019\/\" \/>\n<meta property=\"og:site_name\" content=\"Ch\u00e2teau Pindefleurs\" \/>\n<meta property=\"article:publisher\" content=\"https:\/\/www.facebook.com\/pindefleurs\/\" \/>\n<meta property=\"article:modified_time\" content=\"2025-08-15T15:27:22+00:00\" \/>\n<meta property=\"og:image\" content=\"https:\/\/pindefleurs.fr\/wp-content\/uploads\/2020\/03\/Bouteille_2019.jpg\" \/>\n\t<meta property=\"og:image:width\" content=\"1316\" \/>\n\t<meta property=\"og:image:height\" content=\"1600\" \/>\n\t<meta property=\"og:image:type\" content=\"image\/jpeg\" \/>\n<script type=\"application\/ld+json\" class=\"yoast-schema-graph\">{\"@context\":\"https:\\\/\\\/schema.org\",\"@graph\":[{\"@type\":\"WebPage\",\"@id\":\"https:\\\/\\\/pindefleurs.fr\\\/en\\\/e-shop\\\/chateau-pindefleurs-2019\\\/\",\"url\":\"https:\\\/\\\/pindefleurs.fr\\\/en\\\/e-shop\\\/chateau-pindefleurs-2019\\\/\",\"name\":\"Ch\u00e2teau Pindefleurs 2019 &#8211; Bottles &#8211; Saint-\u00c9milion Grand Cru\",\"isPartOf\":{\"@id\":\"https:\\\/\\\/pindefleurs.fr\\\/en\\\/#website\"},\"primaryImageOfPage\":{\"@id\":\"https:\\\/\\\/pindefleurs.fr\\\/en\\\/e-shop\\\/chateau-pindefleurs-2019\\\/#primaryimage\"},\"image\":{\"@id\":\"https:\\\/\\\/pindefleurs.fr\\\/en\\\/e-shop\\\/chateau-pindefleurs-2019\\\/#primaryimage\"},\"thumbnailUrl\":\"https:\\\/\\\/pindefleurs.fr\\\/wp-content\\\/uploads\\\/2020\\\/03\\\/Bouteille_2019.jpg\",\"datePublished\":\"2020-03-02T15:47:32+00:00\",\"dateModified\":\"2025-08-15T15:27:22+00:00\",\"description\":\"Discover our Ch\u00e2teau Pindefleurs 2019 &#8211; &euro;25.00. Delivery is free in France for any order over \u20ac 300. We ship in Europe !\",\"breadcrumb\":{\"@id\":\"https:\\\/\\\/pindefleurs.fr\\\/en\\\/e-shop\\\/chateau-pindefleurs-2019\\\/#breadcrumb\"},\"inLanguage\":\"en-US\",\"potentialAction\":[{\"@type\":\"ReadAction\",\"target\":[\"https:\\\/\\\/pindefleurs.fr\\\/en\\\/e-shop\\\/chateau-pindefleurs-2019\\\/\"]}]},{\"@type\":\"ImageObject\",\"inLanguage\":\"en-US\",\"@id\":\"https:\\\/\\\/pindefleurs.fr\\\/en\\\/e-shop\\\/chateau-pindefleurs-2019\\\/#primaryimage\",\"url\":\"https:\\\/\\\/pindefleurs.fr\\\/wp-content\\\/uploads\\\/2020\\\/03\\\/Bouteille_2019.jpg\",\"contentUrl\":\"https:\\\/\\\/pindefleurs.fr\\\/wp-content\\\/uploads\\\/2020\\\/03\\\/Bouteille_2019.jpg\",\"width\":1316,\"height\":1600},{\"@type\":\"BreadcrumbList\",\"@id\":\"https:\\\/\\\/pindefleurs.fr\\\/en\\\/e-shop\\\/chateau-pindefleurs-2019\\\/#breadcrumb\",\"itemListElement\":[{\"@type\":\"ListItem\",\"position\":1,\"name\":\"Accueil\",\"item\":\"https:\\\/\\\/pindefleurs.fr\\\/en\\\/home-2\\\/\"},{\"@type\":\"ListItem\",\"position\":2,\"name\":\"E-Shop\",\"item\":\"https:\\\/\\\/pindefleurs.fr\\\/en\\\/e-shop\\\/\"},{\"@type\":\"ListItem\",\"position\":3,\"name\":\"Ch\u00e2teau Pindefleurs 2019\"}]},{\"@type\":\"WebSite\",\"@id\":\"https:\\\/\\\/pindefleurs.fr\\\/en\\\/#website\",\"url\":\"https:\\\/\\\/pindefleurs.fr\\\/en\\\/\",\"name\":\"Ch\u00e2teau Pindefleurs\",\"description\":\"Saint-\u00c9milion Grand Cru\",\"publisher\":{\"@id\":\"https:\\\/\\\/pindefleurs.fr\\\/en\\\/#organization\"},\"potentialAction\":[{\"@type\":\"SearchAction\",\"target\":{\"@type\":\"EntryPoint\",\"urlTemplate\":\"https:\\\/\\\/pindefleurs.fr\\\/en\\\/?s={search_term_string}\"},\"query-input\":{\"@type\":\"PropertyValueSpecification\",\"valueRequired\":true,\"valueName\":\"search_term_string\"}}],\"inLanguage\":\"en-US\"},{\"@type\":\"Organization\",\"@id\":\"https:\\\/\\\/pindefleurs.fr\\\/en\\\/#organization\",\"name\":\"Ch\u00e2teau Pindefleurs\",\"url\":\"https:\\\/\\\/pindefleurs.fr\\\/en\\\/\",\"logo\":{\"@type\":\"ImageObject\",\"inLanguage\":\"en-US\",\"@id\":\"https:\\\/\\\/pindefleurs.fr\\\/en\\\/#\\\/schema\\\/logo\\\/image\\\/\",\"url\":\"https:\\\/\\\/pindefleurs.fr\\\/wp-content\\\/uploads\\\/2020\\\/08\\\/logo_black-1.png\",\"contentUrl\":\"https:\\\/\\\/pindefleurs.fr\\\/wp-content\\\/uploads\\\/2020\\\/08\\\/logo_black-1.png\",\"width\":512,\"height\":170,\"caption\":\"Ch\u00e2teau Pindefleurs\"},\"image\":{\"@id\":\"https:\\\/\\\/pindefleurs.fr\\\/en\\\/#\\\/schema\\\/logo\\\/image\\\/\"},\"sameAs\":[\"https:\\\/\\\/www.facebook.com\\\/pindefleurs\\\/\",\"https:\\\/\\\/www.instagram.com\\\/pindefleurs\\\/\"]}]}<\/script>\n<meta property=\"product:price:amount\" content=\"25.00\" \/>\n<meta property=\"product:price:currency\" content=\"EUR\" \/>\n<meta property=\"og:availability\" content=\"instock\" \/>\n<meta property=\"product:availability\" content=\"instock\" \/>\n<meta property=\"product:retailer_item_id\" content=\"P19B\" \/>\n<meta property=\"product:condition\" content=\"new\" \/>\n<!-- \/ Yoast SEO Premium plugin. -->","yoast_head_json":{"title":"Ch\u00e2teau Pindefleurs 2019 &#8211; Bottles &#8211; Saint-\u00c9milion Grand Cru","description":"Discover our Ch\u00e2teau Pindefleurs 2019 &#8211; &euro;25.00. Delivery is free in France for any order over \u20ac 300. We ship in Europe !","robots":{"index":"index","follow":"follow","max-snippet":"max-snippet:-1","max-image-preview":"max-image-preview:large","max-video-preview":"max-video-preview:-1"},"canonical":"https:\/\/pindefleurs.fr\/en\/e-shop\/chateau-pindefleurs-2019\/","og_locale":"en_US","og_type":"article","og_title":"Ch\u00e2teau Pindefleurs 2019","og_description":"Discover our Ch\u00e2teau Pindefleurs 2019 &#8211; &euro;25.00. Delivery is free in France for any order over \u20ac 300. We ship in Europe !","og_url":"https:\/\/pindefleurs.fr\/en\/e-shop\/chateau-pindefleurs-2019\/","og_site_name":"Ch\u00e2teau Pindefleurs","article_publisher":"https:\/\/www.facebook.com\/pindefleurs\/","article_modified_time":"2025-08-15T15:27:22+00:00","og_image":[{"width":1316,"height":1600,"url":"https:\/\/pindefleurs.fr\/wp-content\/uploads\/2020\/03\/Bouteille_2019.jpg","type":"image\/jpeg"}],"schema":{"@context":"https:\/\/schema.org","@graph":[{"@type":"WebPage","@id":"https:\/\/pindefleurs.fr\/en\/e-shop\/chateau-pindefleurs-2019\/","url":"https:\/\/pindefleurs.fr\/en\/e-shop\/chateau-pindefleurs-2019\/","name":"Ch\u00e2teau Pindefleurs 2019 &#8211; Bottles &#8211; Saint-\u00c9milion Grand Cru","isPartOf":{"@id":"https:\/\/pindefleurs.fr\/en\/#website"},"primaryImageOfPage":{"@id":"https:\/\/pindefleurs.fr\/en\/e-shop\/chateau-pindefleurs-2019\/#primaryimage"},"image":{"@id":"https:\/\/pindefleurs.fr\/en\/e-shop\/chateau-pindefleurs-2019\/#primaryimage"},"thumbnailUrl":"https:\/\/pindefleurs.fr\/wp-content\/uploads\/2020\/03\/Bouteille_2019.jpg","datePublished":"2020-03-02T15:47:32+00:00","dateModified":"2025-08-15T15:27:22+00:00","description":"Discover our Ch\u00e2teau Pindefleurs 2019 &#8211; &euro;25.00. Delivery is free in France for any order over \u20ac 300. We ship in Europe !","breadcrumb":{"@id":"https:\/\/pindefleurs.fr\/en\/e-shop\/chateau-pindefleurs-2019\/#breadcrumb"},"inLanguage":"en-US","potentialAction":[{"@type":"ReadAction","target":["https:\/\/pindefleurs.fr\/en\/e-shop\/chateau-pindefleurs-2019\/"]}]},{"@type":"ImageObject","inLanguage":"en-US","@id":"https:\/\/pindefleurs.fr\/en\/e-shop\/chateau-pindefleurs-2019\/#primaryimage","url":"https:\/\/pindefleurs.fr\/wp-content\/uploads\/2020\/03\/Bouteille_2019.jpg","contentUrl":"https:\/\/pindefleurs.fr\/wp-content\/uploads\/2020\/03\/Bouteille_2019.jpg","width":1316,"height":1600},{"@type":"BreadcrumbList","@id":"https:\/\/pindefleurs.fr\/en\/e-shop\/chateau-pindefleurs-2019\/#breadcrumb","itemListElement":[{"@type":"ListItem","position":1,"name":"Accueil","item":"https:\/\/pindefleurs.fr\/en\/home-2\/"},{"@type":"ListItem","position":2,"name":"E-Shop","item":"https:\/\/pindefleurs.fr\/en\/e-shop\/"},{"@type":"ListItem","position":3,"name":"Ch\u00e2teau Pindefleurs 2019"}]},{"@type":"WebSite","@id":"https:\/\/pindefleurs.fr\/en\/#website","url":"https:\/\/pindefleurs.fr\/en\/","name":"Ch\u00e2teau Pindefleurs","description":"Saint-\u00c9milion Grand Cru","publisher":{"@id":"https:\/\/pindefleurs.fr\/en\/#organization"},"potentialAction":[{"@type":"SearchAction","target":{"@type":"EntryPoint","urlTemplate":"https:\/\/pindefleurs.fr\/en\/?s={search_term_string}"},"query-input":{"@type":"PropertyValueSpecification","valueRequired":true,"valueName":"search_term_string"}}],"inLanguage":"en-US"},{"@type":"Organization","@id":"https:\/\/pindefleurs.fr\/en\/#organization","name":"Ch\u00e2teau Pindefleurs","url":"https:\/\/pindefleurs.fr\/en\/","logo":{"@type":"ImageObject","inLanguage":"en-US","@id":"https:\/\/pindefleurs.fr\/en\/#\/schema\/logo\/image\/","url":"https:\/\/pindefleurs.fr\/wp-content\/uploads\/2020\/08\/logo_black-1.png","contentUrl":"https:\/\/pindefleurs.fr\/wp-content\/uploads\/2020\/08\/logo_black-1.png","width":512,"height":170,"caption":"Ch\u00e2teau Pindefleurs"},"image":{"@id":"https:\/\/pindefleurs.fr\/en\/#\/schema\/logo\/image\/"},"sameAs":["https:\/\/www.facebook.com\/pindefleurs\/","https:\/\/www.instagram.com\/pindefleurs\/"]}]},"product_price_amount":"25.00","product_price_currency":"EUR","og_availability":"instock","product_availability":"instock","product_retailer_item_id":"P19B","product_condition":"new"},"_links":{"self":[{"href":"https:\/\/pindefleurs.fr\/en\/wp-json\/wp\/v2\/product\/19366","targetHints":{"allow":["GET"]}}],"collection":[{"href":"https:\/\/pindefleurs.fr\/en\/wp-json\/wp\/v2\/product"}],"about":[{"href":"https:\/\/pindefleurs.fr\/en\/wp-json\/wp\/v2\/types\/product"}],"wp:featuredmedia":[{"embeddable":true,"href":"https:\/\/pindefleurs.fr\/en\/wp-json\/wp\/v2\/media\/18300"}],"wp:attachment":[{"href":"https:\/\/pindefleurs.fr\/en\/wp-json\/wp\/v2\/media?parent=19366"}],"wp:term":[{"taxonomy":"product_brand","embeddable":true,"href":"https:\/\/pindefleurs.fr\/en\/wp-json\/wp\/v2\/product_brand?post=19366"},{"taxonomy":"product_cat","embeddable":true,"href":"https:\/\/pindefleurs.fr\/en\/wp-json\/wp\/v2\/product_cat?post=19366"},{"taxonomy":"product_tag","embeddable":true,"href":"https:\/\/pindefleurs.fr\/en\/wp-json\/wp\/v2\/product_tag?post=19366"}],"curies":[{"name":"wp","href":"https:\/\/api.w.org\/{rel}","templated":true}]}}