{"id":3341,"date":"2017-11-22T18:05:28","date_gmt":"2017-11-22T17:05:28","guid":{"rendered":"https:\/\/pindefleurs.fr\/?page_id=3341"},"modified":"2024-06-14T16:25:53","modified_gmt":"2024-06-14T14:25:53","slug":"terroir","status":"publish","type":"page","link":"https:\/\/pindefleurs.fr\/en\/terroir\/","title":{"rendered":"Terroir"},"content":{"rendered":"<div class=\"wpb-content-wrapper\"><p>[vc_row][vc_column][vc_custom_heading text=&#8221;Story from Audrey Lauret&#8221; font_container=&#8221;tag:h2|font_size:1.2%20em|text_align:center&#8221; use_theme_fonts=&#8221;yes&#8221; css_animation=&#8221;fadeInDown&#8221;][\/vc_column][\/vc_row][vc_row gap=&#8221;35&#8243;][vc_column css_animation=&#8221;none&#8221; width=&#8221;2\/3&#8243; offset=&#8221;vc_col-lg-offset-2 vc_col-lg-8 vc_col-md-offset-2 vc_col-md-8 vc_col-sm-offset-2&#8243;][vc_column_text css_animation=&#8221;none&#8221;]<\/p>\n<div title=\"Page 1\">\n<div>\n<h4>How to describe the Ch\u00e2teau Pindefleurs terroir?<\/h4>\n<\/div>\n<div>\n<p>The 18-hectare vineyard blossoms on Saint-\u00c9milion terroir, land recognized for its richness, a combination of sand, clay and gravel. A particularly interesting geological complex on which our plot plans to take full advantage. Thus, each variety of grape finds the resources for optimal growth. Merlot, which represents 90% of the estate, a plant known for its premature nature: will find a beautiful anchoring that will favor its ripening. The Cabernet Franc, completes our vineyard, they take root and appreciate the layers of clay found in our grounds.<\/p>\n<\/div>\n<\/div>\n<p>[\/vc_column_text][\/vc_column][\/vc_row][vc_row full_width=&#8221;stretch_row&#8221; gap=&#8221;35&#8243;][vc_column][vc_single_image image=&#8221;2728&#8243; img_size=&#8221;full&#8221; alignment=&#8221;center&#8221;][\/vc_column][\/vc_row][vc_row][vc_column width=&#8221;2\/3&#8243; offset=&#8221;vc_col-lg-offset-2 vc_col-lg-8 vc_col-md-offset-2 vc_col-md-8 vc_col-sm-offset-2&#8243;][vc_empty_space height=&#8221;56px&#8221;][vc_column_text css_animation=&#8221;none&#8221;]<\/p>\n<h4>In what spirit is the vine cultivated?<\/h4>\n<p>I know that making wine goes beyond the cellar, it goes into the vineyard. Hence, where our devotion begins, literally, at the roots of our profession, between each of the property\u2019s rows. For us, it\u2019s a question of supporting nature to bring out the best it can offer, revealing it without altering it, at the benefit of its biodiversity. Our practices based on this: total eradication of herbicides, limited phytosanitary, natural treatments, etc. Then, from splinting to thinning, our intervention has only one objective: the quality of the berries.[\/vc_column_text][vc_empty_space height=&#8221;76px&#8221;][\/vc_column][\/vc_row][vc_row full_width=&#8221;stretch_row&#8221; gap=&#8221;35&#8243;][vc_column][vc_single_image image=&#8221;2649&#8243; img_size=&#8221;full&#8221; alignment=&#8221;center&#8221;][\/vc_column][\/vc_row][vc_row][vc_column width=&#8221;2\/3&#8243; offset=&#8221;vc_col-lg-offset-2 vc_col-lg-8 vc_col-md-offset-2 vc_col-md-8 vc_col-sm-offset-2&#8243;][vc_empty_space height=&#8221;56px&#8221;][vc_column_text css_animation=&#8221;none&#8221;]<\/p>\n<h4>Then it\u2019s time for the cellar\u2026<\/h4>\n<p>Yes, after our hand-picked harvest, the winemaking methods are carried out in complete respect of the land and with the upmost precision our work tools can offer. A first cold maceration, in thermo-regulated stainless steel vats, gently initiates fermentation and thus favors the extraction of the fruit during pumping. After vertical pressing, the wines begin to mature in French oak barrels. In addition to the standard formats, we also use larger barrels to limit the fruit\u2019s wood content. After twelve months of patience, the blending, which is done as a family, we can finally measure our efforts![\/vc_column_text][vc_empty_space height=&#8221;76px&#8221;][\/vc_column][\/vc_row][vc_row full_width=&#8221;stretch_row&#8221; gap=&#8221;35&#8243;][vc_column][vc_single_image image=&#8221;21670&#8243; img_size=&#8221;full&#8221; alignment=&#8221;center&#8221; css=&#8221;&#8221;][vc_empty_space height=&#8221;56px&#8221;][\/vc_column][\/vc_row][vc_row][vc_column width=&#8221;1\/2&#8243; offset=&#8221;vc_col-xs-6&#8243;][vc_btn title=&#8221;Heritage&#8221; style=&#8221;outline&#8221; shape=&#8221;square&#8221; color=&#8221;black&#8221; i_icon_fontawesome=&#8221;fas fa-long-arrow-alt-left&#8221; add_icon=&#8221;true&#8221; link=&#8221;url:https%3A%2F%2Fpindefleurs.fr%2Fen%2Fheritage%2F|title:Heritage|&#8221;][\/vc_column][vc_column width=&#8221;1\/2&#8243; offset=&#8221;vc_col-xs-6&#8243;][vc_btn title=&#8221;Pleasure&#8221; style=&#8221;outline&#8221; shape=&#8221;square&#8221; color=&#8221;black&#8221; align=&#8221;right&#8221; i_align=&#8221;right&#8221; i_icon_fontawesome=&#8221;fas fa-long-arrow-alt-right&#8221; add_icon=&#8221;true&#8221; link=&#8221;url:https%3A%2F%2Fpindefleurs.fr%2Fen%2Fpleasure%2F|title:Heritage|&#8221;][\/vc_column][\/vc_row]<\/p>\n<\/div>","protected":false},"excerpt":{"rendered":"<p>[vc_row][vc_column][vc_custom_heading text=&#8221;Story from Audrey Lauret&#8221; font_container=&#8221;tag:h2|font_size:1.2%20em|text_align:center&#8221; use_theme_fonts=&#8221;yes&#8221; css_animation=&#8221;fadeInDown&#8221;][\/vc_column][\/vc_row][vc_row gap=&#8221;35&#8243;][vc_column css_animation=&#8221;none&#8221; width=&#8221;2\/3&#8243; offset=&#8221;vc_col-lg-offset-2 vc_col-lg-8 vc_col-md-offset-2 vc_col-md-8 vc_col-sm-offset-2&#8243;][vc_column_text css_animation=&#8221;none&#8221;] How to describe the Ch\u00e2teau Pindefleurs terroir? The 18-hectare vineyard blossoms on Saint-\u00c9milion&hellip;<\/p>\n","protected":false},"author":1,"featured_media":0,"parent":0,"menu_order":0,"comment_status":"closed","ping_status":"closed","template":"","meta":{"footnotes":""},"class_list":["post-3341","page","type-page","status-publish","hentry"],"yoast_head":"<!-- This site is optimized with the Yoast SEO Premium plugin v27.4 (Yoast SEO v27.4) - https:\/\/yoast.com\/product\/yoast-seo-premium-wordpress\/ -->\n<title>Ch\u00e2teau Pindefleurs &#8211; Terroir<\/title>\n<meta name=\"description\" content=\"The terroir of Ch\u00e2teau Pindefleurs extends over 18 hectares to the south of Saint-\u00c9milion, which combines sand and clay with gravel.\" \/>\n<meta name=\"robots\" content=\"index, follow, max-snippet:-1, max-image-preview:large, max-video-preview:-1\" \/>\n<link rel=\"canonical\" href=\"https:\/\/pindefleurs.fr\/en\/terroir\/\" \/>\n<meta property=\"og:locale\" content=\"en_US\" \/>\n<meta property=\"og:type\" content=\"article\" \/>\n<meta property=\"og:title\" content=\"Terroir\" \/>\n<meta property=\"og:description\" content=\"The terroir of Ch\u00e2teau Pindefleurs extends over 18 hectares to the south of Saint-\u00c9milion, which combines sand and clay with gravel.\" \/>\n<meta property=\"og:url\" content=\"https:\/\/pindefleurs.fr\/en\/terroir\/\" \/>\n<meta property=\"og:site_name\" content=\"Ch\u00e2teau Pindefleurs\" \/>\n<meta property=\"article:publisher\" content=\"https:\/\/www.facebook.com\/pindefleurs\/\" \/>\n<meta property=\"article:modified_time\" content=\"2024-06-14T14:25:53+00:00\" \/>\n<script type=\"application\/ld+json\" class=\"yoast-schema-graph\">{\"@context\":\"https:\\\/\\\/schema.org\",\"@graph\":[{\"@type\":\"WebPage\",\"@id\":\"https:\\\/\\\/pindefleurs.fr\\\/en\\\/terroir\\\/\",\"url\":\"https:\\\/\\\/pindefleurs.fr\\\/en\\\/terroir\\\/\",\"name\":\"Ch\u00e2teau Pindefleurs &#8211; Terroir\",\"isPartOf\":{\"@id\":\"https:\\\/\\\/pindefleurs.fr\\\/en\\\/#website\"},\"datePublished\":\"2017-11-22T17:05:28+00:00\",\"dateModified\":\"2024-06-14T14:25:53+00:00\",\"description\":\"The terroir of Ch\u00e2teau Pindefleurs extends over 18 hectares to the south of Saint-\u00c9milion, which combines sand and clay with gravel.\",\"breadcrumb\":{\"@id\":\"https:\\\/\\\/pindefleurs.fr\\\/en\\\/terroir\\\/#breadcrumb\"},\"inLanguage\":\"en-US\",\"potentialAction\":[{\"@type\":\"ReadAction\",\"target\":[\"https:\\\/\\\/pindefleurs.fr\\\/en\\\/terroir\\\/\"]}]},{\"@type\":\"BreadcrumbList\",\"@id\":\"https:\\\/\\\/pindefleurs.fr\\\/en\\\/terroir\\\/#breadcrumb\",\"itemListElement\":[{\"@type\":\"ListItem\",\"position\":1,\"name\":\"Accueil\",\"item\":\"https:\\\/\\\/pindefleurs.fr\\\/en\\\/home-2\\\/\"},{\"@type\":\"ListItem\",\"position\":2,\"name\":\"Terroir\"}]},{\"@type\":\"WebSite\",\"@id\":\"https:\\\/\\\/pindefleurs.fr\\\/en\\\/#website\",\"url\":\"https:\\\/\\\/pindefleurs.fr\\\/en\\\/\",\"name\":\"Ch\u00e2teau Pindefleurs\",\"description\":\"Saint-\u00c9milion Grand Cru\",\"publisher\":{\"@id\":\"https:\\\/\\\/pindefleurs.fr\\\/en\\\/#organization\"},\"potentialAction\":[{\"@type\":\"SearchAction\",\"target\":{\"@type\":\"EntryPoint\",\"urlTemplate\":\"https:\\\/\\\/pindefleurs.fr\\\/en\\\/?s={search_term_string}\"},\"query-input\":{\"@type\":\"PropertyValueSpecification\",\"valueRequired\":true,\"valueName\":\"search_term_string\"}}],\"inLanguage\":\"en-US\"},{\"@type\":\"Organization\",\"@id\":\"https:\\\/\\\/pindefleurs.fr\\\/en\\\/#organization\",\"name\":\"Ch\u00e2teau Pindefleurs\",\"url\":\"https:\\\/\\\/pindefleurs.fr\\\/en\\\/\",\"logo\":{\"@type\":\"ImageObject\",\"inLanguage\":\"en-US\",\"@id\":\"https:\\\/\\\/pindefleurs.fr\\\/en\\\/#\\\/schema\\\/logo\\\/image\\\/\",\"url\":\"https:\\\/\\\/pindefleurs.fr\\\/wp-content\\\/uploads\\\/2020\\\/08\\\/logo_black-1.png\",\"contentUrl\":\"https:\\\/\\\/pindefleurs.fr\\\/wp-content\\\/uploads\\\/2020\\\/08\\\/logo_black-1.png\",\"width\":512,\"height\":170,\"caption\":\"Ch\u00e2teau Pindefleurs\"},\"image\":{\"@id\":\"https:\\\/\\\/pindefleurs.fr\\\/en\\\/#\\\/schema\\\/logo\\\/image\\\/\"},\"sameAs\":[\"https:\\\/\\\/www.facebook.com\\\/pindefleurs\\\/\",\"https:\\\/\\\/www.instagram.com\\\/pindefleurs\\\/\"]}]}<\/script>\n<!-- \/ Yoast SEO Premium plugin. -->","yoast_head_json":{"title":"Ch\u00e2teau Pindefleurs &#8211; Terroir","description":"The terroir of Ch\u00e2teau Pindefleurs extends over 18 hectares to the south of Saint-\u00c9milion, which combines sand and clay with gravel.","robots":{"index":"index","follow":"follow","max-snippet":"max-snippet:-1","max-image-preview":"max-image-preview:large","max-video-preview":"max-video-preview:-1"},"canonical":"https:\/\/pindefleurs.fr\/en\/terroir\/","og_locale":"en_US","og_type":"article","og_title":"Terroir","og_description":"The terroir of Ch\u00e2teau Pindefleurs extends over 18 hectares to the south of Saint-\u00c9milion, which combines sand and clay with gravel.","og_url":"https:\/\/pindefleurs.fr\/en\/terroir\/","og_site_name":"Ch\u00e2teau Pindefleurs","article_publisher":"https:\/\/www.facebook.com\/pindefleurs\/","article_modified_time":"2024-06-14T14:25:53+00:00","schema":{"@context":"https:\/\/schema.org","@graph":[{"@type":"WebPage","@id":"https:\/\/pindefleurs.fr\/en\/terroir\/","url":"https:\/\/pindefleurs.fr\/en\/terroir\/","name":"Ch\u00e2teau Pindefleurs &#8211; Terroir","isPartOf":{"@id":"https:\/\/pindefleurs.fr\/en\/#website"},"datePublished":"2017-11-22T17:05:28+00:00","dateModified":"2024-06-14T14:25:53+00:00","description":"The terroir of Ch\u00e2teau Pindefleurs extends over 18 hectares to the south of Saint-\u00c9milion, which combines sand and clay with gravel.","breadcrumb":{"@id":"https:\/\/pindefleurs.fr\/en\/terroir\/#breadcrumb"},"inLanguage":"en-US","potentialAction":[{"@type":"ReadAction","target":["https:\/\/pindefleurs.fr\/en\/terroir\/"]}]},{"@type":"BreadcrumbList","@id":"https:\/\/pindefleurs.fr\/en\/terroir\/#breadcrumb","itemListElement":[{"@type":"ListItem","position":1,"name":"Accueil","item":"https:\/\/pindefleurs.fr\/en\/home-2\/"},{"@type":"ListItem","position":2,"name":"Terroir"}]},{"@type":"WebSite","@id":"https:\/\/pindefleurs.fr\/en\/#website","url":"https:\/\/pindefleurs.fr\/en\/","name":"Ch\u00e2teau Pindefleurs","description":"Saint-\u00c9milion Grand Cru","publisher":{"@id":"https:\/\/pindefleurs.fr\/en\/#organization"},"potentialAction":[{"@type":"SearchAction","target":{"@type":"EntryPoint","urlTemplate":"https:\/\/pindefleurs.fr\/en\/?s={search_term_string}"},"query-input":{"@type":"PropertyValueSpecification","valueRequired":true,"valueName":"search_term_string"}}],"inLanguage":"en-US"},{"@type":"Organization","@id":"https:\/\/pindefleurs.fr\/en\/#organization","name":"Ch\u00e2teau Pindefleurs","url":"https:\/\/pindefleurs.fr\/en\/","logo":{"@type":"ImageObject","inLanguage":"en-US","@id":"https:\/\/pindefleurs.fr\/en\/#\/schema\/logo\/image\/","url":"https:\/\/pindefleurs.fr\/wp-content\/uploads\/2020\/08\/logo_black-1.png","contentUrl":"https:\/\/pindefleurs.fr\/wp-content\/uploads\/2020\/08\/logo_black-1.png","width":512,"height":170,"caption":"Ch\u00e2teau Pindefleurs"},"image":{"@id":"https:\/\/pindefleurs.fr\/en\/#\/schema\/logo\/image\/"},"sameAs":["https:\/\/www.facebook.com\/pindefleurs\/","https:\/\/www.instagram.com\/pindefleurs\/"]}]}},"_links":{"self":[{"href":"https:\/\/pindefleurs.fr\/en\/wp-json\/wp\/v2\/pages\/3341","targetHints":{"allow":["GET"]}}],"collection":[{"href":"https:\/\/pindefleurs.fr\/en\/wp-json\/wp\/v2\/pages"}],"about":[{"href":"https:\/\/pindefleurs.fr\/en\/wp-json\/wp\/v2\/types\/page"}],"author":[{"embeddable":true,"href":"https:\/\/pindefleurs.fr\/en\/wp-json\/wp\/v2\/users\/1"}],"replies":[{"embeddable":true,"href":"https:\/\/pindefleurs.fr\/en\/wp-json\/wp\/v2\/comments?post=3341"}],"version-history":[{"count":0,"href":"https:\/\/pindefleurs.fr\/en\/wp-json\/wp\/v2\/pages\/3341\/revisions"}],"wp:attachment":[{"href":"https:\/\/pindefleurs.fr\/en\/wp-json\/wp\/v2\/media?parent=3341"}],"curies":[{"name":"wp","href":"https:\/\/api.w.org\/{rel}","templated":true}]}}