{"id":18682,"date":"2021-02-15T11:17:19","date_gmt":"2021-02-15T10:17:19","guid":{"rendered":"https:\/\/pindefleurs.fr\/home-2\/"},"modified":"2026-03-03T09:40:20","modified_gmt":"2026-03-03T08:40:20","slug":"home-2","status":"publish","type":"page","link":"https:\/\/pindefleurs.fr\/en\/","title":{"rendered":"Home"},"content":{"rendered":"<div class=\"wpb-content-wrapper\"><p>[vc_row disable_element=&#8221;yes&#8221;][vc_column offset=&#8221;vc_hidden-lg vc_hidden-md&#8221; css=&#8221;.vc_custom_1629987000512{margin-bottom: 25px !important;}&#8221;][konte_banner image_size=&#8221;945*750&#8243; text_position=&#8221;center&#8221; font_container=&#8221;font_size:4em&#8221; content_weight=&#8221;bold&#8221; scheme=&#8221;light&#8221; button_type=&#8221;normal&#8221; button_size=&#8221;normal&#8221; button_text=&#8221;&#8221; css_animation=&#8221;none&#8221; el_class=&#8221;imgdedroite&#8221; link=&#8221;url:https%3A%2F%2Fpindefleurs.fr%2F%3Fpage_id%3D19229|title:En%20primeurs|&#8221; image=&#8221;19250&#8243;]OPEN DOORS[\/konte_banner][\/vc_column][\/vc_row][vc_row][vc_column offset=&#8221;vc_hidden-lg vc_hidden-md&#8221; css=&#8221;.vc_custom_1629987000512{margin-bottom: 25px !important;}&#8221;][konte_banner image_size=&#8221;750*975&#8243; text_position=&#8221;center&#8221; font_container=&#8221;font_size:4em&#8221; content_weight=&#8221;bold&#8221; scheme=&#8221;dark&#8221; button_type=&#8221;normal&#8221; button_size=&#8221;normal&#8221; button_text=&#8221;&#8221; css_animation=&#8221;none&#8221; el_class=&#8221;imgdedroite&#8221; link=&#8221;url:https%3A%2F%2Fpindefleurs.fr%2Fen%2Fvisit-and-tastings%2F|title:En%20primeurs|&#8221; image=&#8221;15213&#8243;]THE SHOP[\/konte_banner][\/vc_column][\/vc_row][vc_row full_width=&#8221;stretch_row&#8221; content_placement=&#8221;middle&#8221;][vc_column offset=&#8221;vc_col-lg-4 vc_col-md-4&#8243; el_id=&#8221;colonnegauche&#8221;][vc_row_inner][vc_column_inner width=&#8221;1\/2&#8243; offset=&#8221;vc_col-lg-12 vc_col-md-12 vc_col-xs-12&#8243; el_id=&#8221;imagedelacolonne&#8221;][konte_banner image_size=&#8221;800*1000&#8243; text_position=&#8221;center&#8221; font_container=&#8221;font_size:3em&#8221; content_weight=&#8221;bold&#8221; scheme=&#8221;light&#8221; button_type=&#8221;normal&#8221; button_size=&#8221;normal&#8221; button_text=&#8221;&#8221; link=&#8221;url:https%3A%2F%2Fpindefleurs.fr%2Fen%2Fe-shop%2Fvisit-and-tasting%2F|title:The%20Shop|&#8221; image=&#8221;17376&#8243; css=&#8221;.vc_custom_1683126271627{margin-bottom: 0px !important;}&#8221;]TOUR AND TASTING[\/konte_banner][\/vc_column_inner][vc_column_inner width=&#8221;1\/2&#8243; offset=&#8221;vc_col-lg-12 vc_col-md-12 vc_col-xs-12&#8243;][konte_banner image_size=&#8221;800*1000&#8243; text_position=&#8221;center&#8221; font_container=&#8221;font_size:3em&#8221; content_weight=&#8221;bold&#8221; scheme=&#8221;light&#8221; button_type=&#8221;normal&#8221; button_size=&#8221;normal&#8221; button_text=&#8221;&#8221; link=&#8221;url:https%3A%2F%2Fpindefleurs.fr%2Fe-shop%2F|title:E-Shop|&#8221; image=&#8221;17400&#8243;]VINTAGES AVAILABLE[\/konte_banner][\/vc_column_inner][\/vc_row_inner][\/vc_column][vc_column offset=&#8221;vc_col-lg-8 vc_col-md-8 vc_hidden-sm vc_hidden-xs&#8221;][konte_banner image_size=&#8221;750*975&#8243; text_position=&#8221;center&#8221; font_container=&#8221;font_size:4em&#8221; content_weight=&#8221;bold&#8221; scheme=&#8221;dark&#8221; button_type=&#8221;normal&#8221; button_size=&#8221;normal&#8221; button_text=&#8221;&#8221; css_animation=&#8221;none&#8221; el_class=&#8221;imgdedroite&#8221; link=&#8221;url:https%3A%2F%2Fpindefleurs.fr%2Fen%2Fvisit-and-tastings%2F|title:En%20primeurs|&#8221; image=&#8221;15213&#8243;]THE SHOP[\/konte_banner][\/vc_column][\/vc_row][vc_row full_width=&#8221;stretch_row&#8221; content_placement=&#8221;middle&#8221; disable_element=&#8221;yes&#8221; el_id=&#8221;rangeevertical&#8221;][vc_column width=&#8221;1\/2&#8243; offset=&#8221;vc_col-lg-8 vc_col-md-offset-0 vc_col-md-6 vc_col-sm-offset-0 vc_col-xs-12&#8243; css=&#8221;.vc_custom_1621027980948{padding-top: 50px !important;padding-bottom: 50px !important;}&#8221;][vc_column_text]<\/p>\n<h3 style=\"text-align: center;\">PRE-ORDER YOUR BOTTLES<\/h3>\n<p style=\"text-align: center;\">Our last vintage 2020 is on pre-order until July 31! Enjoy 40% discount<br \/>\n<em>Delivery is scheduled for September 2022.<\/em>[\/vc_column_text][\/vc_column][vc_column width=&#8221;1\/2&#8243; offset=&#8221;vc_col-lg-4 vc_col-md-6 vc_col-sm-offset-0 vc_col-xs-offset-12 vc_col-xs-12&#8243;][vc_row_inner][vc_column_inner offset=&#8221;vc_col-lg-12 vc_col-md-12 vc_col-sm-offset-0 vc_col-xs-12&#8243;][konte_banner image_size=&#8221;800*1000&#8243; text_position=&#8221;center&#8221; font_container=&#8221;font_size:3em&#8221; content_weight=&#8221;bold&#8221; scheme=&#8221;light&#8221; button_type=&#8221;normal&#8221; button_size=&#8221;normal&#8221; button_text=&#8221;&#8221; link=&#8221;url:https%3A%2F%2Fpindefleurs.fr%2Fen%2Fen-primeurs%2F|title:The%20Shop|&#8221; image=&#8221;18531&#8243; css=&#8221;.vc_custom_1627979475983{margin-bottom: 0px !important;}&#8221;]THE SHOP[\/konte_banner][\/vc_column_inner][\/vc_row_inner][\/vc_column][\/vc_row]<\/p>\n<\/div>","protected":false},"excerpt":{"rendered":"<p>[vc_row disable_element=&#8221;yes&#8221;][vc_column offset=&#8221;vc_hidden-lg vc_hidden-md&#8221; css=&#8221;.vc_custom_1629987000512{margin-bottom: 25px !important;}&#8221;][konte_banner image_size=&#8221;945*750&#8243; text_position=&#8221;center&#8221; font_container=&#8221;font_size:4em&#8221; content_weight=&#8221;bold&#8221; scheme=&#8221;light&#8221; button_type=&#8221;normal&#8221; button_size=&#8221;normal&#8221; button_text=&#8221;&#8221; css_animation=&#8221;none&#8221; el_class=&#8221;imgdedroite&#8221; link=&#8221;url:https%3A%2F%2Fpindefleurs.fr%2F%3Fpage_id%3D19229|title:En%20primeurs|&#8221; image=&#8221;19250&#8243;]OPEN DOORS[\/konte_banner][\/vc_column][\/vc_row][vc_row][vc_column offset=&#8221;vc_hidden-lg vc_hidden-md&#8221; css=&#8221;.vc_custom_1629987000512{margin-bottom: 25px !important;}&#8221;][konte_banner image_size=&#8221;750*975&#8243; text_position=&#8221;center&#8221; font_container=&#8221;font_size:4em&#8221; content_weight=&#8221;bold&#8221; scheme=&#8221;dark&#8221;&hellip;<\/p>\n","protected":false},"author":1,"featured_media":0,"parent":0,"menu_order":0,"comment_status":"closed","ping_status":"closed","template":"","meta":{"footnotes":""},"class_list":["post-18682","page","type-page","status-publish","hentry"],"yoast_head":"<!-- This site is optimized with the Yoast SEO Premium plugin v26.4 (Yoast SEO v27.3) - https:\/\/yoast.com\/product\/yoast-seo-premium-wordpress\/ -->\n<title>Ch\u00e2teau Pindefleurs | Buy Saint-\u00c9milion Grand Cru Wine online<\/title>\n<meta name=\"description\" content=\"Discover and buy online the wines of Ch\u00e2teau Pindefleurs, Saint-\u00c9milion Grand Cru. Tours, tastings and early access wines available directly at the castle.\" \/>\n<meta name=\"robots\" content=\"index, follow, max-snippet:-1, max-image-preview:large, max-video-preview:-1\" \/>\n<link rel=\"canonical\" href=\"https:\/\/pindefleurs.fr\/en\/\" \/>\n<meta property=\"og:locale\" content=\"en_US\" \/>\n<meta property=\"og:type\" content=\"article\" \/>\n<meta property=\"og:title\" content=\"Home\" \/>\n<meta property=\"og:description\" content=\"Discover and buy online the wines of Ch\u00e2teau Pindefleurs, Saint-\u00c9milion Grand Cru. Tours, tastings and early access wines available directly at the castle.\" \/>\n<meta property=\"og:url\" content=\"https:\/\/pindefleurs.fr\/en\/\" \/>\n<meta property=\"og:site_name\" content=\"Ch\u00e2teau Pindefleurs\" \/>\n<meta property=\"article:publisher\" content=\"https:\/\/www.facebook.com\/pindefleurs\/\" \/>\n<meta property=\"article:modified_time\" content=\"2026-03-03T08:40:20+00:00\" \/>\n<script type=\"application\/ld+json\" class=\"yoast-schema-graph\">{\"@context\":\"https:\\\/\\\/schema.org\",\"@graph\":[{\"@type\":\"WebPage\",\"@id\":\"https:\\\/\\\/pindefleurs.fr\\\/en\\\/\",\"url\":\"https:\\\/\\\/pindefleurs.fr\\\/en\\\/\",\"name\":\"Ch\u00e2teau Pindefleurs | Buy Saint-\u00c9milion Grand Cru Wine online\",\"isPartOf\":{\"@id\":\"https:\\\/\\\/pindefleurs.fr\\\/en\\\/#website\"},\"datePublished\":\"2021-02-15T10:17:19+00:00\",\"dateModified\":\"2026-03-03T08:40:20+00:00\",\"description\":\"Discover and buy online the wines of Ch\u00e2teau Pindefleurs, Saint-\u00c9milion Grand Cru. Tours, tastings and early access wines available directly at the castle.\",\"breadcrumb\":{\"@id\":\"https:\\\/\\\/pindefleurs.fr\\\/en\\\/#breadcrumb\"},\"inLanguage\":\"en-US\",\"potentialAction\":[{\"@type\":\"ReadAction\",\"target\":[\"https:\\\/\\\/pindefleurs.fr\\\/en\\\/\"]}]},{\"@type\":\"BreadcrumbList\",\"@id\":\"https:\\\/\\\/pindefleurs.fr\\\/en\\\/#breadcrumb\",\"itemListElement\":[{\"@type\":\"ListItem\",\"position\":1,\"name\":\"Accueil\",\"item\":\"https:\\\/\\\/pindefleurs.fr\\\/en\\\/home-2\\\/\"},{\"@type\":\"ListItem\",\"position\":2,\"name\":\"Home\"}]},{\"@type\":\"WebSite\",\"@id\":\"https:\\\/\\\/pindefleurs.fr\\\/en\\\/#website\",\"url\":\"https:\\\/\\\/pindefleurs.fr\\\/en\\\/\",\"name\":\"Ch\u00e2teau Pindefleurs\",\"description\":\"Saint-\u00c9milion Grand Cru\",\"publisher\":{\"@id\":\"https:\\\/\\\/pindefleurs.fr\\\/en\\\/#organization\"},\"potentialAction\":[{\"@type\":\"SearchAction\",\"target\":{\"@type\":\"EntryPoint\",\"urlTemplate\":\"https:\\\/\\\/pindefleurs.fr\\\/en\\\/?s={search_term_string}\"},\"query-input\":{\"@type\":\"PropertyValueSpecification\",\"valueRequired\":true,\"valueName\":\"search_term_string\"}}],\"inLanguage\":\"en-US\"},{\"@type\":\"Organization\",\"@id\":\"https:\\\/\\\/pindefleurs.fr\\\/en\\\/#organization\",\"name\":\"Ch\u00e2teau Pindefleurs\",\"url\":\"https:\\\/\\\/pindefleurs.fr\\\/en\\\/\",\"logo\":{\"@type\":\"ImageObject\",\"inLanguage\":\"en-US\",\"@id\":\"https:\\\/\\\/pindefleurs.fr\\\/en\\\/#\\\/schema\\\/logo\\\/image\\\/\",\"url\":\"https:\\\/\\\/pindefleurs.fr\\\/wp-content\\\/uploads\\\/2020\\\/08\\\/logo_black-1.png\",\"contentUrl\":\"https:\\\/\\\/pindefleurs.fr\\\/wp-content\\\/uploads\\\/2020\\\/08\\\/logo_black-1.png\",\"width\":512,\"height\":170,\"caption\":\"Ch\u00e2teau Pindefleurs\"},\"image\":{\"@id\":\"https:\\\/\\\/pindefleurs.fr\\\/en\\\/#\\\/schema\\\/logo\\\/image\\\/\"},\"sameAs\":[\"https:\\\/\\\/www.facebook.com\\\/pindefleurs\\\/\",\"https:\\\/\\\/www.instagram.com\\\/pindefleurs\\\/\"]}]}<\/script>\n<!-- \/ Yoast SEO Premium plugin. -->","yoast_head_json":{"title":"Ch\u00e2teau Pindefleurs | Buy Saint-\u00c9milion Grand Cru Wine online","description":"Discover and buy online the wines of Ch\u00e2teau Pindefleurs, Saint-\u00c9milion Grand Cru. Tours, tastings and early access wines available directly at the castle.","robots":{"index":"index","follow":"follow","max-snippet":"max-snippet:-1","max-image-preview":"max-image-preview:large","max-video-preview":"max-video-preview:-1"},"canonical":"https:\/\/pindefleurs.fr\/en\/","og_locale":"en_US","og_type":"article","og_title":"Home","og_description":"Discover and buy online the wines of Ch\u00e2teau Pindefleurs, Saint-\u00c9milion Grand Cru. Tours, tastings and early access wines available directly at the castle.","og_url":"https:\/\/pindefleurs.fr\/en\/","og_site_name":"Ch\u00e2teau Pindefleurs","article_publisher":"https:\/\/www.facebook.com\/pindefleurs\/","article_modified_time":"2026-03-03T08:40:20+00:00","schema":{"@context":"https:\/\/schema.org","@graph":[{"@type":"WebPage","@id":"https:\/\/pindefleurs.fr\/en\/","url":"https:\/\/pindefleurs.fr\/en\/","name":"Ch\u00e2teau Pindefleurs | Buy Saint-\u00c9milion Grand Cru Wine online","isPartOf":{"@id":"https:\/\/pindefleurs.fr\/en\/#website"},"datePublished":"2021-02-15T10:17:19+00:00","dateModified":"2026-03-03T08:40:20+00:00","description":"Discover and buy online the wines of Ch\u00e2teau Pindefleurs, Saint-\u00c9milion Grand Cru. Tours, tastings and early access wines available directly at the castle.","breadcrumb":{"@id":"https:\/\/pindefleurs.fr\/en\/#breadcrumb"},"inLanguage":"en-US","potentialAction":[{"@type":"ReadAction","target":["https:\/\/pindefleurs.fr\/en\/"]}]},{"@type":"BreadcrumbList","@id":"https:\/\/pindefleurs.fr\/en\/#breadcrumb","itemListElement":[{"@type":"ListItem","position":1,"name":"Accueil","item":"https:\/\/pindefleurs.fr\/en\/home-2\/"},{"@type":"ListItem","position":2,"name":"Home"}]},{"@type":"WebSite","@id":"https:\/\/pindefleurs.fr\/en\/#website","url":"https:\/\/pindefleurs.fr\/en\/","name":"Ch\u00e2teau Pindefleurs","description":"Saint-\u00c9milion Grand Cru","publisher":{"@id":"https:\/\/pindefleurs.fr\/en\/#organization"},"potentialAction":[{"@type":"SearchAction","target":{"@type":"EntryPoint","urlTemplate":"https:\/\/pindefleurs.fr\/en\/?s={search_term_string}"},"query-input":{"@type":"PropertyValueSpecification","valueRequired":true,"valueName":"search_term_string"}}],"inLanguage":"en-US"},{"@type":"Organization","@id":"https:\/\/pindefleurs.fr\/en\/#organization","name":"Ch\u00e2teau Pindefleurs","url":"https:\/\/pindefleurs.fr\/en\/","logo":{"@type":"ImageObject","inLanguage":"en-US","@id":"https:\/\/pindefleurs.fr\/en\/#\/schema\/logo\/image\/","url":"https:\/\/pindefleurs.fr\/wp-content\/uploads\/2020\/08\/logo_black-1.png","contentUrl":"https:\/\/pindefleurs.fr\/wp-content\/uploads\/2020\/08\/logo_black-1.png","width":512,"height":170,"caption":"Ch\u00e2teau Pindefleurs"},"image":{"@id":"https:\/\/pindefleurs.fr\/en\/#\/schema\/logo\/image\/"},"sameAs":["https:\/\/www.facebook.com\/pindefleurs\/","https:\/\/www.instagram.com\/pindefleurs\/"]}]}},"_links":{"self":[{"href":"https:\/\/pindefleurs.fr\/en\/wp-json\/wp\/v2\/pages\/18682","targetHints":{"allow":["GET"]}}],"collection":[{"href":"https:\/\/pindefleurs.fr\/en\/wp-json\/wp\/v2\/pages"}],"about":[{"href":"https:\/\/pindefleurs.fr\/en\/wp-json\/wp\/v2\/types\/page"}],"author":[{"embeddable":true,"href":"https:\/\/pindefleurs.fr\/en\/wp-json\/wp\/v2\/users\/1"}],"replies":[{"embeddable":true,"href":"https:\/\/pindefleurs.fr\/en\/wp-json\/wp\/v2\/comments?post=18682"}],"version-history":[{"count":1,"href":"https:\/\/pindefleurs.fr\/en\/wp-json\/wp\/v2\/pages\/18682\/revisions"}],"predecessor-version":[{"id":22995,"href":"https:\/\/pindefleurs.fr\/en\/wp-json\/wp\/v2\/pages\/18682\/revisions\/22995"}],"wp:attachment":[{"href":"https:\/\/pindefleurs.fr\/en\/wp-json\/wp\/v2\/media?parent=18682"}],"curies":[{"name":"wp","href":"https:\/\/api.w.org\/{rel}","templated":true}]}}